{"id":60,"date":"2018-11-02T15:21:42","date_gmt":"2018-11-02T15:21:42","guid":{"rendered":"http:\/\/energethiker.com\/?page_id=60"},"modified":"2020-07-01T17:12:54","modified_gmt":"2020-07-01T17:12:54","slug":"bestellung","status":"publish","type":"page","link":"https:\/\/energethiker.com\/?page_id=60","title":{"rendered":"Bestellung"},"content":{"rendered":"<div class=\"wpb-content-wrapper\"><p>[vc_row][vc_column width=&#8220;2\/3&#8243;][vc_column_text]<strong><u>HANDBUCH F\u00dcR ENERGETIKER<\/u><\/strong><\/p>\n<p>Die Absicht dieses Handbuches ist es, in allgemein verst\u00e4ndlicher Form die komplexe rechtliche Materie darzustellen, in welcher sich Energetiker bewegen.<\/p>\n<p>In \u00fcbersichtlicher Form wird der erlaubte T\u00e4tigkeitsbereich der Energetiker abgesteckt. Um die speziellen Bed\u00fcrfnisse und Fragen besser aufzuzeigen, wurde mit der 14. Auflage eine Teilung durchgef\u00fchrt in die drei Teilbereiche Humanenergetik, Tierenergetik und Lebensraum-Consulting. Dar\u00fcber hinaus wurde das Basiswissen, das f\u00fcr alle drei Bereiche g\u00fcltig ist, in ein gesondertes Handbuch ausgelagert, es existieren also nun vier gesonderte Handb\u00fccher. Zum Verst\u00e4ndnis f\u00fcr die jeweiligen Teilbereiche Human-Tierenergetik und Lebensraum-Consulting ist immer auch der Erwerb des BASICS Handbuches erforderlich. Dadurch wurde eine bessere \u00dcbersichtlichkeit eingef\u00fchrt. Des Weiteren finden sich in den Handb\u00fcchern aufgrund der ge\u00e4nderten Rechtslage die aktuellen neuen Aufkl\u00e4rungsformulare, die verwendet werden sollen.<\/p>\n<p><strong>energ<\/strong><strong>etik<\/strong> <strong>und recht: BASICS<\/strong><strong><br \/>\n<\/strong>Grundlagenlehrbuch f\u00fcr Humanenergetik, Tierenergetik und Lebensraum-Consulting.<\/p>\n<p><strong>\u00a0\u00a0\u00a0\u00a0\u00a0\u00a0\u00a0\u00a0\u00a0\u00a0\u00a0\u00a0\u00a0\u00a0\u00a0\u00a0\u00a0\u00a0\u00a0\u00a0\u00a0\u00a0\u00a0\u00a0\u00a0\u00a0\u00a0\u00a0\u00a0\u00a0\u00a0\u00a0\u00a0\u00a0\u00a0\u00a0Preis\u00a0\u00a0 \u20ac 55,00<\/strong><\/p>\n<p><strong>energ<\/strong><strong>etik<\/strong><strong> und recht:\u00a0HUMANENERGETIK<\/strong><br \/>\nBehandelt das Spezialgebiet der Humanenergetik. Zum Gesamtverst\u00e4ndnis ist auch der Erwerb des BASICS erforderlich.<\/p>\n<p><strong>\u00a0\u00a0\u00a0\u00a0\u00a0\u00a0\u00a0\u00a0\u00a0\u00a0\u00a0\u00a0\u00a0\u00a0\u00a0\u00a0\u00a0\u00a0\u00a0\u00a0\u00a0\u00a0\u00a0\u00a0\u00a0\u00a0\u00a0\u00a0\u00a0\u00a0\u00a0\u00a0\u00a0\u00a0\u00a0 Preis\u00a0\u00a0 \u20ac 35,00<\/strong><\/p>\n<p><strong>energ<\/strong><strong>etik<\/strong><strong> und recht: TIERENERGETIK<\/strong><br \/>\nBehandelt das Spezialgebiet der Tierenergetik. Zum Gesamtverst\u00e4ndnis ist auch der Erwerb des BASICS erforderlich.<\/p>\n<p><strong>Preis\u00a0\u00a0 \u20ac 35,00<\/strong><\/p>\n<p><strong>energ<\/strong><strong>etik<\/strong><strong> und recht: LEBENSRAUM-CONSULTING<\/strong><br \/>\nBehandelt das Spezialgebiet des Lebensraum-Consulting. Zum Gesamtverst\u00e4ndnis ist auch der Erwerb des BASICS erforderlich<\/p>\n<p><strong>Preis\u00a0\u00a0 \u20ac 35,00<\/strong><\/p>\n<p><strong>\u00a0<\/strong><\/p>\n<p><u>Urheberrechte:<\/u> Dr. Manfred Schiffner<\/p>\n<p>Bei gr\u00f6\u00dferer Bestellung Mengenrabatt auf Anfrage m\u00f6glich.<\/p>\n<p><strong><u>BESTELLUNG:<\/u><\/strong><\/p>\n<p>Dr. Manfred Schiffner<br \/>\nRechtsanwalt<br \/>\nHaushamer Str. 2<br \/>\n8054 Seiersberg<\/p>\n<p>Telefon: +43-316 93 12 80<\/p>\n<p>e-mail:\u00a0<a href=\"https:\/\/web.archive.org\/web\/20090602154602\/mailto:office@energethiker.com\">office@energethiker.com<\/a><\/p>\n<p><u>Bankverbindung:<\/u><\/p>\n<p>Sparkasse Voitsberg-K\u00f6flach Bank-AG (BLZ: 20839)<br \/>\nKonto-Nr.: 0100-035021<br \/>\nIBAN: AT772083900100035021<br \/>\nBIC: SPVOAT21[\/vc_column_text][\/vc_column][vc_column width=&#8220;1\/3&#8243;][\/vc_column][\/vc_row]<\/p>\n<\/div>","protected":false},"excerpt":{"rendered":"<p>[vc_row][vc_column width=&#8220;2\/3&#8243;][vc_column_text]HANDBUCH F\u00dcR ENERGETIKER Die Absicht dieses Handbuches ist es, in allgemein verst\u00e4ndlicher Form die komplexe rechtliche Materie darzustellen, in welcher sich Energetiker bewegen. In \u00fcbersichtlicher Form wird der erlaubte T\u00e4tigkeitsbereich der Energetiker abgesteckt. Um die speziellen Bed\u00fcrfnisse und Fragen besser aufzuzeigen, wurde mit der 14. Auflage eine Teilung durchgef\u00fchrt in die drei Teilbereiche Humanenergetik, &hellip; <\/p>\n<p class=\"link-more\"><a href=\"https:\/\/energethiker.com\/?page_id=60\" class=\"more-link\"><span class=\"screen-reader-text\">\u201eBestellung\u201c <\/span>weiterlesen<\/a><\/p>\n","protected":false},"author":1,"featured_media":0,"parent":0,"menu_order":0,"comment_status":"closed","ping_status":"closed","template":"","meta":{"footnotes":""},"class_list":["post-60","page","type-page","status-publish","hentry"],"_links":{"self":[{"href":"https:\/\/energethiker.com\/index.php?rest_route=\/wp\/v2\/pages\/60","targetHints":{"allow":["GET"]}}],"collection":[{"href":"https:\/\/energethiker.com\/index.php?rest_route=\/wp\/v2\/pages"}],"about":[{"href":"https:\/\/energethiker.com\/index.php?rest_route=\/wp\/v2\/types\/page"}],"author":[{"embeddable":true,"href":"https:\/\/energethiker.com\/index.php?rest_route=\/wp\/v2\/users\/1"}],"replies":[{"embeddable":true,"href":"https:\/\/energethiker.com\/index.php?rest_route=%2Fwp%2Fv2%2Fcomments&post=60"}],"version-history":[{"count":5,"href":"https:\/\/energethiker.com\/index.php?rest_route=\/wp\/v2\/pages\/60\/revisions"}],"predecessor-version":[{"id":527,"href":"https:\/\/energethiker.com\/index.php?rest_route=\/wp\/v2\/pages\/60\/revisions\/527"}],"wp:attachment":[{"href":"https:\/\/energethiker.com\/index.php?rest_route=%2Fwp%2Fv2%2Fmedia&parent=60"}],"curies":[{"name":"wp","href":"https:\/\/api.w.org\/{rel}","templated":true}]}}