{"id":336,"date":"2020-06-17T12:46:59","date_gmt":"2020-06-17T12:46:59","guid":{"rendered":"http:\/\/energethiker.com\/?page_id=336"},"modified":"2020-07-01T17:02:28","modified_gmt":"2020-07-01T17:02:28","slug":"rechtsinfo-zu-quantenheilung-matrixbehandlung-zweipunktmethode","status":"publish","type":"page","link":"https:\/\/energethiker.com\/?page_id=336","title":{"rendered":"Rechtsinfo zu Quantenheilung, Matrixbehandlung, Zweipunktmethode"},"content":{"rendered":"<div class=\"wpb-content-wrapper\"><p>[vc_row][vc_column width=&#8220;2\/3&#8243;][vc_column_text]\u201eIch habe gerade die Ausbildung zur Quantenarbeit absolviert und frage mich, ob diese T\u00e4tigkeit dem Energethiker-Gewerbe unterliegt&#8230;\u201c<\/p>\n<p>\u201e&#8230;bzw. ob ich \u00fcberhaupt ein Gewerbe anmelden muss.\u201c<\/p>\n<h2>Quantenarbeit, Quantenheilung, Matrixbehandlung, Zweipunktmethode<\/h2>\n<p>Dr. Schiffner in Beantwortung dieser Anfrage:<\/p>\n<h2>Energethikergewerbe<\/h2>\n<p>\u201eI. Die folgenden Arbeitsmethoden unterliegen m.E. dem Energethikergewerbe:<\/p>\n<ul>\n<li>Matrix Energetics nach Dr. Richard Bartlett<\/li>\n<li>Quantenarbeit nach Dr. Frank Kinslow<\/li>\n<li>Matrix Resonanz nach Thomas Pr\u00fcckler<\/li>\n<li>Chinesische Quantum Methode, kurz CQM, nach Gabriele Eckert<\/li>\n<\/ul>\n<h2>Matrix Energetics &#8211; Richard Bartlett<\/h2>\n<p>Matrix Energetics geht auf Richard Bartlett zur\u00fcck, der auf empirischem Wege entdeckte, dass durch sanfte Ber\u00fchrung, verbunden mit einer bestimmten mentalen Intention, eine k\u00f6rperliche Balance herzustellen ist; es kommt darauf an, das jeweils 2 Problem-korrespondierende sensible Punkte gefunden werden. Dieses Wissen hat Richard Bartlett sodann weiter gegeben und es hat sich nun verbreitet.<\/p>\n<h2>Quantenarbeit sowie Matrix Resonanz<\/h2>\n<p>Die Methoden Quantenarbeit sowie Matrix Resonanz sind vereinfacht dargestellt Modifikationen bzw. Weiterentwicklungen dieser Matrix Energetics. Alle diese Methoden bedienen sich daher der Energie\u00fcbertragung durch sanftes Ber\u00fchren, unterst\u00fctzt durch mentale Intuition und sind m.E. klassische energetische Arbeitsmethoden.<\/p>\n<h2>Rationale Nachvollziehbarkeit<\/h2>\n<ol>\n<li>Nachstehende Arbeitsmethoden unterliegen \u00fcberhaupt nicht der Gewerbeordnung, da sie das Mindestma\u00df der rationalen Nachvollziehbarkeit im Sinne des vom Gesetzgeber geforderten Erfordernisses nicht erf\u00fcllen:<\/li>\n<\/ol>\n<ul>\n<li>Schamanische Techniken zur Selbstentwicklung<\/li>\n<li>Time Line<\/li>\n<li>Storytelling<\/li>\n<li>Oneness Deeksha<\/li>\n<li>Gl\u00fcckstraining<\/li>\n<li>2-Punkt-Methode<\/li>\n<\/ul>\n<p>Der Schamanismus f\u00e4llt grunds\u00e4tzlich nicht unter die Gewerbeordnung aus den bereits oben dargestellten Gr\u00fcnden. Auch Time Line und die 2-Punkt-Methode bedienen sich Techniken, die &#8211; auch wenn sie erfolgreich sein k\u00f6nnen &#8211; rational nicht nachvollziehbar sind; sie bedienen sich vor allem der Empfindung des Emotionalk\u00f6rpers auf bestimmte Imaginationen und Vorstellungen. Die Methode Storytelling bedient sich der sogenannten Astralreise, um auf diesem Wege Ver\u00e4nderungen herbeizuf\u00fchren; Oneness Deeksha ist eine Bewusstseinsarbeit, um sich mit der Sch\u00f6pfung wiederum zu verbinden und somit die Einheit und Geborgenheit zu erleben.\u201c<\/p>\n<h2>Rechtsinfo zur Vitalfeldtherapie<\/h2>\n<p>Anfrage: \u201eKann ich als Energethiker die Vitalfeld-Therapie anwenden?\u201c<br \/>\nDr. Schiffner in Beantwortung dieser Anfrage:<br \/>\n\u201eMeinem Wissensstand nach ist die Vitalfeld-Therapie eine rein energetische Arbeit. Das Energiefeld des Menschen wird hier als Vitalfeld bezeichnet und daher arbeitet diese Methode haupts\u00e4chlich \u00fcber die Aktivierung des Vitalfeldes und der k\u00f6rpereigenen Selbstheilungskr\u00e4fte. Auch die Ger\u00e4te, die bei dieser T\u00e4tigkeit eingesetzt werden, haupts\u00e4chlich Mitoplus, Digisoft, Opti-San und Global Diagnostic arbeiten auf reinen Schwingungsfrequenzen, sohin auch rein energetisch. Meiner Einsch\u00e4tzung nach ist daher diese T\u00e4tigkeit dem Energethiker-Gewerbe zuzuordnen.<br \/>\nIch w\u00fcnsche allen Energethikern bei ihrer Arbeit viel Freude und Erfolg!\u201c<\/p>\n<p>[\/vc_column_text][\/vc_column][vc_column width=&#8220;1\/3&#8243;][vc_wp_custommenu title=&#8220;Mehr Info&#8220; nav_menu=&#8220;4&#8243;][\/vc_column][\/vc_row]<\/p>\n<\/div>","protected":false},"excerpt":{"rendered":"<p>[vc_row][vc_column width=&#8220;2\/3&#8243;][vc_column_text]\u201eIch habe gerade die Ausbildung zur Quantenarbeit absolviert und frage mich, ob diese T\u00e4tigkeit dem Energethiker-Gewerbe unterliegt&#8230;\u201c \u201e&#8230;bzw. ob ich \u00fcberhaupt ein Gewerbe anmelden muss.\u201c Quantenarbeit, Quantenheilung, Matrixbehandlung, Zweipunktmethode Dr. Schiffner in Beantwortung dieser Anfrage: Energethikergewerbe \u201eI. Die folgenden Arbeitsmethoden unterliegen m.E. dem Energethikergewerbe: Matrix Energetics nach Dr. Richard Bartlett Quantenarbeit nach Dr. Frank &hellip; <\/p>\n<p class=\"link-more\"><a href=\"https:\/\/energethiker.com\/?page_id=336\" class=\"more-link\"><span class=\"screen-reader-text\">\u201eRechtsinfo zu Quantenheilung, Matrixbehandlung, Zweipunktmethode\u201c <\/span>weiterlesen<\/a><\/p>\n","protected":false},"author":3,"featured_media":0,"parent":0,"menu_order":0,"comment_status":"closed","ping_status":"closed","template":"","meta":{"footnotes":""},"class_list":["post-336","page","type-page","status-publish","hentry"],"_links":{"self":[{"href":"https:\/\/energethiker.com\/index.php?rest_route=\/wp\/v2\/pages\/336","targetHints":{"allow":["GET"]}}],"collection":[{"href":"https:\/\/energethiker.com\/index.php?rest_route=\/wp\/v2\/pages"}],"about":[{"href":"https:\/\/energethiker.com\/index.php?rest_route=\/wp\/v2\/types\/page"}],"author":[{"embeddable":true,"href":"https:\/\/energethiker.com\/index.php?rest_route=\/wp\/v2\/users\/3"}],"replies":[{"embeddable":true,"href":"https:\/\/energethiker.com\/index.php?rest_route=%2Fwp%2Fv2%2Fcomments&post=336"}],"version-history":[{"count":2,"href":"https:\/\/energethiker.com\/index.php?rest_route=\/wp\/v2\/pages\/336\/revisions"}],"predecessor-version":[{"id":524,"href":"https:\/\/energethiker.com\/index.php?rest_route=\/wp\/v2\/pages\/336\/revisions\/524"}],"wp:attachment":[{"href":"https:\/\/energethiker.com\/index.php?rest_route=%2Fwp%2Fv2%2Fmedia&parent=336"}],"curies":[{"name":"wp","href":"https:\/\/api.w.org\/{rel}","templated":true}]}}