{"id":224,"date":"2019-12-01T17:32:04","date_gmt":"2019-12-01T17:32:04","guid":{"rendered":"http:\/\/energethiker.com\/?page_id=224"},"modified":"2020-07-01T17:28:12","modified_gmt":"2020-07-01T17:28:12","slug":"geistheilung-und-fernbehandlung","status":"publish","type":"page","link":"https:\/\/energethiker.com\/?page_id=224","title":{"rendered":"Geistheilung und Fernheilung"},"content":{"rendered":"<div class=\"wpb-content-wrapper\"><p>[vc_row][vc_column width=&#8220;2\/3&#8243;][vc_column_text]Dr. Schiffner in Beantwortung einer Anfrage:<br \/>\n&#8222;Das \u00c4rztegesetz regelt den so genannten Vorbehaltsbereich, das sind jene T\u00e4tigkeiten, die ausschlie\u00dflich den \u00c4rzten zustehen. Es gilt daher in erster Linie zu untersuchen, welche T\u00e4tigkeiten in diesen Vorbehaltsbereich fallen. Das \u00c4rztegesetz selbst gibt hief\u00fcr die Erkl\u00e4rung: In \u00a7 2 \u00c4rztG werden unter \u00e4rztlicher T\u00e4tigkeit nur diejenigen erfasst, die auf empirisch-wissenschaftlichen Erkenntnissen beruhen. Alle T\u00e4tigkeiten, die dieses Kriterium nicht erf\u00fcllen, scheiden daher vom Vorbehaltsbereich des \u00c4rztegesetzes aus. Entscheidendes Abgrenzungskriterium ist nun das so genannte Wirtschaftlichkeitskriterium.<br \/>\nEs gilt nun Folgendes:<\/p>\n<p>Alle Arbeitsmethoden, die wissenschaftlich fundiert und nachvollziehbar sind (im Sinne der empirischen Naturwissenschaft), stehen weiterhin ausschlie\u00dflich den \u00c4rzten zu. In erster Linie sind daher wissenschaftliche Studien gefragt, die die Wirkungsweise und Effizienz der eingesetzten Methode beweisen.<br \/>\nAlle Arbeitsmethoden, die wissenschaftlich nicht nachvollziehbar sind, sind nicht dem Vorbehaltsbereich der \u00c4rzte zuzuordnen. Demgem\u00e4\u00df d\u00fcrfen diese Arbeitsmethoden von Nicht\u00e4rzten, daher von Energethikern, Geistheilern etc. angewandt werden. Die Geist- und Fernheilung ist derzeit wissenschaftlich nicht anerkannt.<br \/>\nAlle Arbeitsmethoden des Geistheilers, die wissenschaftlich nicht nachvollziehbar sind &#8211; im Sinne der empirischen Naturwissenschaft &#8211; sind erlaubt, wohingegen alle wissenschaftlich nachvollziehbaren Methoden ausschlie\u00dflich den \u00c4rzten und sonstigen etablierten Heilberufen zustehen. Der Geistheiler ist weiters verpflichtet, jeden seiner Klienten darauf hinzuweisen, dass von ihm keine \u00e4rztliche T\u00e4tigkeit entfaltet wird und sich jeder Ratsuchende unabh\u00e4ngig von seiner T\u00e4tigkeit [d.h. der T\u00e4tigkeit des Geistheilers] mit dem Arzt oder Therapeuten seines Vertrauens in Verbindung zu setzen hat. Ich empfehle, diese Aufkl\u00e4rung schriftlich festzuhalten (entsprechende Aufkl\u00e4rungsformulare sind bei mir erh\u00e4ltlich: www.energethiker.com. Diagnosen im schulmedizinischen Sinne d\u00fcrfen weiterhin nicht erstellt werden.<\/p>\n<p>Ihre Anfrage kann ich daher zusammenfassend so beantworten, dass Sie die Kontakt- und Fernbehandlung unter den sonstigen gesetzlichen Voraussetzungen in \u00d6sterreich aus\u00fcben d\u00fcrfen. Das Problem bei der Fernbehandlung liegt viel eher im Bereich der rationalen Nachvollziehbarkeit, wodurch den Fernbehandler unter Umst\u00e4nden eine T\u00e4uschungshandlung und somit Betrug vorgeworfen werden k\u00f6nnte. Um das zu verhindern, sind jede Art von Heilungs- und Erfolgsversprechen zu unterlassen.&#8220;<\/p>\n<p>[\/vc_column_text][\/vc_column][\/vc_row]<\/p>\n<\/div>","protected":false},"excerpt":{"rendered":"<p>[vc_row][vc_column width=&#8220;2\/3&#8243;][vc_column_text]Dr. Schiffner in Beantwortung einer Anfrage: &#8222;Das \u00c4rztegesetz regelt den so genannten Vorbehaltsbereich, das sind jene T\u00e4tigkeiten, die ausschlie\u00dflich den \u00c4rzten zustehen. Es gilt daher in erster Linie zu untersuchen, welche T\u00e4tigkeiten in diesen Vorbehaltsbereich fallen. Das \u00c4rztegesetz selbst gibt hief\u00fcr die Erkl\u00e4rung: In \u00a7 2 \u00c4rztG werden unter \u00e4rztlicher T\u00e4tigkeit nur diejenigen erfasst, &hellip; <\/p>\n<p class=\"link-more\"><a href=\"https:\/\/energethiker.com\/?page_id=224\" class=\"more-link\"><span class=\"screen-reader-text\">\u201eGeistheilung und Fernheilung\u201c <\/span>weiterlesen<\/a><\/p>\n","protected":false},"author":1,"featured_media":0,"parent":0,"menu_order":0,"comment_status":"closed","ping_status":"closed","template":"","meta":{"footnotes":""},"class_list":["post-224","page","type-page","status-publish","hentry"],"_links":{"self":[{"href":"https:\/\/energethiker.com\/index.php?rest_route=\/wp\/v2\/pages\/224","targetHints":{"allow":["GET"]}}],"collection":[{"href":"https:\/\/energethiker.com\/index.php?rest_route=\/wp\/v2\/pages"}],"about":[{"href":"https:\/\/energethiker.com\/index.php?rest_route=\/wp\/v2\/types\/page"}],"author":[{"embeddable":true,"href":"https:\/\/energethiker.com\/index.php?rest_route=\/wp\/v2\/users\/1"}],"replies":[{"embeddable":true,"href":"https:\/\/energethiker.com\/index.php?rest_route=%2Fwp%2Fv2%2Fcomments&post=224"}],"version-history":[{"count":3,"href":"https:\/\/energethiker.com\/index.php?rest_route=\/wp\/v2\/pages\/224\/revisions"}],"predecessor-version":[{"id":536,"href":"https:\/\/energethiker.com\/index.php?rest_route=\/wp\/v2\/pages\/224\/revisions\/536"}],"wp:attachment":[{"href":"https:\/\/energethiker.com\/index.php?rest_route=%2Fwp%2Fv2%2Fmedia&parent=224"}],"curies":[{"name":"wp","href":"https:\/\/api.w.org\/{rel}","templated":true}]}}