{"id":12,"date":"2018-11-02T14:12:08","date_gmt":"2018-11-02T14:12:08","guid":{"rendered":"http:\/\/energethiker.com\/?page_id=12"},"modified":"2018-11-02T15:00:39","modified_gmt":"2018-11-02T15:00:39","slug":"allgemeine-geschaeftsbedingungen","status":"publish","type":"page","link":"https:\/\/energethiker.com\/?page_id=12","title":{"rendered":"Allgemeine Gesch\u00e4ftsbedingungen"},"content":{"rendered":"<p>Allgemeines:<br \/>\nMit der vorliegenden Website m\u00f6chte ich ein interaktives System zur Verf\u00fcgung stellen, welches aktuelle Informationen zur rechtlichen sowie wirtschaftlichen und gesellschaftspolitischen Situation der Energethiker in \u00d6sterreich beinhaltet. Diese Informationen sind allgemeiner Natur.<\/p>\n<p>Es besteht jedoch die M\u00f6glichkeit, zu konkreten Einzelf\u00e4llen \u00fcber eine Eingabemaske in der Rubrik Online-Rechtsservice Anfragen an mich zu stellen. Ich schlie\u00dfe Vertr\u00e4ge mit Internet-User ausschlie\u00dflich unter der Anwendung dieser allgemeinen Gesch\u00e4ftsbedingungen ab.<\/p>\n<p><u>\u00a7 1 Vertragsgegenstand:<\/u><\/p>\n<p><u>a)Entgeltliche Dienste:<\/u><br \/>\nHiebei handelt es sich um einen entsprechend ausgewiesenen kostenpflichtigen Service bzw. Bezug, wie insbesondere:<br \/>\n1)Online-Rechtsservice<br \/>\n2)Bestellung Handbuch f\u00fcr Energethiker<\/p>\n<p><u>b)Allgemeine Dienste:<\/u><br \/>\n1)Zugang zu redaktionell erstellen Beitr\u00e4gen<br \/>\n2)Zugang und Download entsprechend ausgewiesener Dokumente<br \/>\n3)Zugang zu links<\/p>\n<p><u>\u00a7 2 Online Rechtsberatung:<\/u><\/p>\n<p>F\u00fcr jede Anfrage \u00fcber meinen Online-Rechtsservice entsteht die Verpflichtung, eine Bearbeitungsgeb\u00fchr von EUR 45,&#8211; zuz\u00fcglich 20 % USt zu bezahlen. Ich weise ausdr\u00fccklich darauf hin, dass ausschlie\u00dflich f\u00fcr die erste Anfrage diese Geb\u00fchr von EUR 45,&#8211; anf\u00e4llt, f\u00fcr jede weitere Anfrage, die derselben Person oder e-mail-Adresse zuordenbar ist, ist eine gesonderte Vereinbarung mit mir zu treffen. Eine Umgehung der Identifikation durch falsche Angaben bzw. Ausnutzen einer fremden e-mail-Adresse ist mi\u00dfbr\u00e4uchlich und f\u00fchrt zu einer Kostenersatzpflicht. \u00dcberdies behalte ich mir das Recht vor, diese Fragen nicht zu beantworten.<\/p>\n<p>Mit der \u00dcbermittlung ihrer e-mail-Adresse stimmen die User ausdr\u00fccklich, jederzeit widerruflich, der Zusendung elektronischer Post zu.<\/p>\n<p>Es ist absolut erforderlich, dass sie ihre pers\u00f6nlichen Daten in der Eingabemaske und \u2013 sofern dies zutrifft \u2013 auch die vollst\u00e4ndigen Daten ihres Gegners mitteilen; sollte sich herausstellen, dass ich die Gegenseite bereits vertrete, ist es mir aus rechtlichen Gr\u00fcnden verwehrt, die Rechtsberatung durchzuf\u00fchren. Im \u00fcrigen behalte ich mir das Recht vor, Anfragen nicht zu beantworten; in diesem Falle entsteht selbstverst\u00e4ndlich keine Bearbeitungsgeb\u00fchr.<\/p>\n<p><u>\u00a7 3 Zahlungsbedingungen:<\/u><\/p>\n<p>Die Bearbeitungsgeb\u00fchr im Online-Rechtsservice wird zwei Woche nach Bearbeiten der Anfrage zur Zahlung f\u00e4llig, zu diesem Zweck wird eine Rechnung mit Zahlschein an die angegebene Adresse des Users abgeschickt. F\u00fcr den Fall des Zahlungsverzuges werden Verzugszinsen von 5% \u00fcber dem EURIBOR in Rechnung gestellt.<\/p>\n<p>Ich behalte mir das Recht vor, die Preise f\u00fcr die Online-Rechtsberatung abzu\u00e4ndern.<\/p>\n<p><u>\u00a7 4 Haftung:<\/u><\/p>\n<p>Die auf meiner Website angebotenen Inhalte dienen ausschlie\u00dflich Informationszwecken. Ich leiste daf\u00fcr Gew\u00e4hr, dass ich die Inhalte sorgf\u00e4ltig eingegeben habe, dass die Informationen aus seri\u00f6sen Quellen stammen, nicht jedoch f\u00fcr deren Richtigkeit. Ich \u00fcbernehme daher keine Gew\u00e4hr f\u00fcr die Vollst\u00e4ndigkeit Aktualit\u00e4t und Qualit\u00e4t der bereitgestellten Information.<\/p>\n<p>Haftungsanspr\u00fcche, die aus Sch\u00e4den materieller und immaterieller Art entstehen, welche durch die Nutzung der dargebotenen Information verursacht wurden, sind ausgeschlossen.<\/p>\n<p>Ich hafte nicht f\u00fcr den fehlerhaften Betrieb des Systems und die st\u00e4ndige Verf\u00fcgbarkeit desselben. Ich hafte auch nicht f\u00fcr Sch\u00e4den, die darauf beruhen, dass Leistungen nicht, nur teilweise oder nicht jederzeit verf\u00fcgbar sind. Ausgenommen hievon sind vors\u00e4tzliches oder grob fahrl\u00e4ssiges Verhalten meinerseits; auch hier wird nur f\u00fcr typische Sch\u00e4den gehaftet. Ich bin grunds\u00e4tzlich berechtigt, den vorliegenden Service zu unterbrechen.<\/p>\n<p>F\u00fcr den Inhalt der Leistungen im Zusammenhang mit dem Online-Rechtsservice (Rechtsberatung) hafte ich nicht. Im Rahmen dieser Online-Rechtsberatung kann ich nur eine erste grundlegende Information nach Ma\u00dfgabe der zur Verf\u00fcgung gestellten Daten geben und weise ich darauf hin, dass in vielen F\u00e4llen eine weitere rechtliche Pr\u00fcfung erforderlich ist.<\/p>\n<p><u>\u00a7 5 Datenschutz:<\/u><\/p>\n<p>Ich versichere, dass ihre Daten ausschlie\u00dflich im Zusammenhang mit der Abwicklung der Klientenbeziehung sowie zu internen Marktforschungszwecken verwendet und an Dritte nicht weitergegeben werden. Ich bin als Anwalt gesetzlich zur Verschwiegenheit verpflichtet.<\/p>\n<p>Ich weise jedoch darauf hin, dass die Kommunikation via online nicht sicher und vertraulich ist. F\u00fcr vertrauliche Inhalte empfehle ich, mich pers\u00f6nlich oder im Postwege zu kontaktieren. Ich lehne daher jede Haftung auf dem Onlinewege ab, die aus der Verletzung dieser Vertraulichkeit entsteht.<\/p>\n<p><u>\u00a7 6 Links:<\/u><\/p>\n<p>Ich erkl\u00e4re ausdr\u00fccklich, dass ich keinen Einflu\u00df auf die Gestaltung und den Inhalt von verlinkten Seiten habe. F\u00fcr die Inhalte dieser externen Internetseiten, die \u00fcber Links auf meiner Domain aufgerufen werden k\u00f6nnen, \u00fcbernehme ich keine Haftung und haftet ausschlie\u00dflich der jeweilige Anbieter.<\/p>\n<p><u>\u00a7 7 Urheberrecht:<\/u><\/p>\n<p>Ich weise ausdr\u00fccklich darauf hin, dass s\u00e4mtliche abgerufenen Daten und Leistungen urheberrechtlich gesch\u00fctzt sind. Der Kunde ist nicht berechtigt, die abgerufenen Leistungen, au\u00dfer zu eigenen Zwecken im Sinne des \u00a7 42 Urheberrechtsgesetzes zu nutzen und ist insbesondere nicht berechtigt, diese ohne meine Genehmigung ganz oder teilweise zu vervielf\u00e4ltigen oder zu verbreiten.<\/p>\n<p><u>\u00a7 8 Anwendbares Recht und Gerichtsstandvereinbarung:<\/u><\/p>\n<p>Es gilt \u00f6sterreichisches Recht.<br \/>\nAusschlie\u00dflicher Gerichtsstand ist mein Kanzleisitz, sofern der Kunde nicht Verbraucher mit inl\u00e4ndischen Wohnsitz oder Aufenthalt ist.<\/p>\n<p>Dr. Manfred Schiffner<\/p>\n","protected":false},"excerpt":{"rendered":"<p>Allgemeines: Mit der vorliegenden Website m\u00f6chte ich ein interaktives System zur Verf\u00fcgung stellen, welches aktuelle Informationen zur rechtlichen sowie wirtschaftlichen und gesellschaftspolitischen Situation der Energethiker in \u00d6sterreich beinhaltet. Diese Informationen sind allgemeiner Natur. Es besteht jedoch die M\u00f6glichkeit, zu konkreten Einzelf\u00e4llen \u00fcber eine Eingabemaske in der Rubrik Online-Rechtsservice Anfragen an mich zu stellen. Ich schlie\u00dfe &hellip; <\/p>\n<p class=\"link-more\"><a href=\"https:\/\/energethiker.com\/?page_id=12\" class=\"more-link\"><span class=\"screen-reader-text\">\u201eAllgemeine Gesch\u00e4ftsbedingungen\u201c <\/span>weiterlesen<\/a><\/p>\n","protected":false},"author":1,"featured_media":0,"parent":0,"menu_order":0,"comment_status":"closed","ping_status":"closed","template":"","meta":{"footnotes":""},"class_list":["post-12","page","type-page","status-publish","hentry"],"_links":{"self":[{"href":"https:\/\/energethiker.com\/index.php?rest_route=\/wp\/v2\/pages\/12","targetHints":{"allow":["GET"]}}],"collection":[{"href":"https:\/\/energethiker.com\/index.php?rest_route=\/wp\/v2\/pages"}],"about":[{"href":"https:\/\/energethiker.com\/index.php?rest_route=\/wp\/v2\/types\/page"}],"author":[{"embeddable":true,"href":"https:\/\/energethiker.com\/index.php?rest_route=\/wp\/v2\/users\/1"}],"replies":[{"embeddable":true,"href":"https:\/\/energethiker.com\/index.php?rest_route=%2Fwp%2Fv2%2Fcomments&post=12"}],"version-history":[{"count":3,"href":"https:\/\/energethiker.com\/index.php?rest_route=\/wp\/v2\/pages\/12\/revisions"}],"predecessor-version":[{"id":46,"href":"https:\/\/energethiker.com\/index.php?rest_route=\/wp\/v2\/pages\/12\/revisions\/46"}],"wp:attachment":[{"href":"https:\/\/energethiker.com\/index.php?rest_route=%2Fwp%2Fv2%2Fmedia&parent=12"}],"curies":[{"name":"wp","href":"https:\/\/api.w.org\/{rel}","templated":true}]}}